{"id":1101,"date":"2014-11-11T11:14:05","date_gmt":"2014-11-11T11:14:05","guid":{"rendered":"http:\/\/anpsthemes.com\/constructo\/?page_id=11"},"modified":"2021-01-21T21:58:07","modified_gmt":"2021-01-21T21:58:07","slug":"about-us","status":"publish","type":"page","link":"https:\/\/ilirija-transport.com\/sq\/about-us\/","title":{"rendered":"Rreth nesh"},"content":{"rendered":"<section class=\"vc_section\"><div class=\"vc_row wpb_row vc_row-fluid\"><div class=\"wpb_column vc_column_container vc_col-sm-12\"><div class=\"vc_column-inner\"><div class=\"wpb_wrapper\">\n\t<div class=\"wpb_text_column wpb_content_element  wpb_animate_when_almost_visible wpb_fadeIn fadeIn\" >\n\t\t<div class=\"wpb_wrapper\">\n\t\t\t<p><em><strong><img decoding=\"async\" loading=\"lazy\" class=\"aligncenter wp-image-1262 size-full\" src=\"http:\/\/media3.ilirija-transport.com\/2021\/01\/unnamed.png\" alt=\"\" width=\"368\" height=\"93\" srcset=\"https:\/\/ilirija-transport.com\/wp-content\/uploads\/2021\/01\/unnamed.png 368w, https:\/\/ilirija-transport.com\/wp-content\/uploads\/2021\/01\/unnamed-300x76.png 300w, https:\/\/ilirija-transport.com\/wp-content\/uploads\/2021\/01\/unnamed-360x91.png 360w\" sizes=\"(max-width: 368px) 100vw, 368px\" \/><\/strong><\/em><\/p>\n<p style=\"text-align: center; font-size: 18px;\">Kompania Transportuese ILIRIJA, merret n\u00eb t\u00ebr\u00ebsi me organizimin dhe menaxhimin e sh\u00ebrbimeve transportuese dhe sh\u00ebrbimeve t\u00eb logjistik\u00ebs.<\/p>\n\n\t\t<\/div>\n\t<\/div>\n<div class=\"vc_empty_space\"   style=\"height: 32px\"><span class=\"vc_empty_space_inner\"><\/span><\/div><\/div><\/div><\/div><\/div><\/section><div class=\"vc_row wpb_row vc_row-fluid\"><div class=\"wpb_animate_when_almost_visible wpb_fadeIn fadeIn wpb_column vc_column_container vc_col-sm-6\"><div class=\"vc_column-inner\"><div class=\"wpb_wrapper\">\n\t<div  class=\"wpb_single_image wpb_content_element vc_align_left\">\n\t\t\n\t\t<figure class=\"wpb_wrapper vc_figure\">\n\t\t\t<div class=\"vc_single_image-wrapper   vc_box_border_grey\"><img width=\"700\" height=\"377\" src=\"https:\/\/ilirija-transport.com\/wp-content\/uploads\/2021\/01\/companyhistory-1.jpg\" class=\"vc_single_image-img attachment-full\" alt=\"\" decoding=\"async\" loading=\"lazy\" srcset=\"https:\/\/ilirija-transport.com\/wp-content\/uploads\/2021\/01\/companyhistory-1.jpg 700w, https:\/\/ilirija-transport.com\/wp-content\/uploads\/2021\/01\/companyhistory-1-300x162.jpg 300w, https:\/\/ilirija-transport.com\/wp-content\/uploads\/2021\/01\/companyhistory-1-370x199.jpg 370w, https:\/\/ilirija-transport.com\/wp-content\/uploads\/2021\/01\/companyhistory-1-360x194.jpg 360w, https:\/\/ilirija-transport.com\/wp-content\/uploads\/2021\/01\/companyhistory-1-600x323.jpg 600w\" sizes=\"(max-width: 700px) 100vw, 700px\" \/><\/div>\n\t\t<\/figure>\n\t<\/div>\n<h5 class='heading-content ilirijafont style-1'  style='color: #365a8b'><span>HISTORIA E KOMPANISE<\/span><\/h5>\n\t<div class=\"wpb_text_column wpb_content_element\" >\n\t\t<div class=\"wpb_wrapper\">\n\t\t\t<p><em>Veprimtaria e transportit daton nga vitet e '90 dhe tanim\u00eb \u00ebsht\u00eb pjes\u00eb e biznesit familjar q\u00eb e hudh\u00ebheq Kompania Transportuese \u201cILIRIJA\u201d. Kjo veprimtari dhe kjo deg\u00eb e veprimtaris\u00eb zhvillohet permanent nga fillimi i egzistimit t\u00eb kompanis\u00eb e deri n\u00eb dit\u00ebt e sotshme.<\/em><\/p>\n<p><em>Zhvillimi i veprimtaris\u00eb son\u00eb gjat\u00eb gjith\u00eb koh\u00ebs \u00ebsht\u00eb i orjentuar ka klienti. Ai \u00ebsht\u00eb pasqyra reale e nj\u00eb kompanie dhe duke u mb\u00ebshtetur n\u00eb ket\u00eb postulat, gjithmon\u00eb, prej ekzistimit ton\u00eb kemi punuar n\u00eb afrimin me klientin dhe n\u00eb besimin reciprok.<\/em><\/p>\n<p><em>Nj\u00ebra nga deg\u00ebt e biznes planit t\u00eb \u201cILIRIJA\u201dshpk ishte kryerja e sherbimeve nd\u00ebrkombetare te transportit. Para k\u00ebsaj veprimtari kryesore ishte transporti intern brenda vendit. Me nj\u00eb qasje m\u00eb serioze tek klient\u00ebt ton\u00eb, duke marr\u00eb parasysh nevojat e tyre, \u201cILIRIJA\u201dshpk e zhvilloj edhe m\u00eb tep\u00ebr veprimtarin\u00eb e saj dhe tani perkrah transportit intern ne sigurojm\u00eb edhe sh\u00ebrbime nd\u00ebrkomb\u00ebtare t\u00eb transportit n\u00eb Evrop\u00ebn, konkretisht n\u00eb: Gjermani, Zvic\u00ebrr, Belgjik, Holand, \u00c7eki, Sllovaki, Turqi...<\/em><\/p>\n\n\t\t<\/div>\n\t<\/div>\n<div class=\"vc_empty_space\"   style=\"height: 20px\"><span class=\"vc_empty_space_inner\"><\/span><\/div>\n\t<div id=\"ilirijanone\" class=\"wpb_single_image wpb_content_element vc_align_left\">\n\t\t\n\t\t<figure class=\"wpb_wrapper vc_figure\">\n\t\t\t<div class=\"vc_single_image-wrapper   vc_box_border_grey\"><img width=\"700\" height=\"377\" src=\"https:\/\/ilirija-transport.com\/wp-content\/uploads\/2021\/01\/services.jpg\" class=\"vc_single_image-img attachment-full\" alt=\"\" decoding=\"async\" loading=\"lazy\" srcset=\"https:\/\/ilirija-transport.com\/wp-content\/uploads\/2021\/01\/services.jpg 700w, https:\/\/ilirija-transport.com\/wp-content\/uploads\/2021\/01\/services-300x162.jpg 300w, https:\/\/ilirija-transport.com\/wp-content\/uploads\/2021\/01\/services-370x199.jpg 370w, https:\/\/ilirija-transport.com\/wp-content\/uploads\/2021\/01\/services-360x194.jpg 360w, https:\/\/ilirija-transport.com\/wp-content\/uploads\/2021\/01\/services-600x323.jpg 600w\" sizes=\"(max-width: 700px) 100vw, 700px\" \/><\/div>\n\t\t<\/figure>\n\t<\/div>\n<h5 class='heading-content ilirijafont style-1'  id='ilirijanone' style='color: #365a8b'><span>SH\u00cbRBIMET<\/span><\/h5>\n\t<div class=\"wpb_text_column wpb_content_element\" >\n\t\t<div class=\"wpb_wrapper\">\n\t\t\t<ul>\n<li><em>Transport tok\u00ebsor t\u00eb plot\u00eb dhe parcial nga vendet e Bashkimit Evropian p\u00ebr n\u00eb Kosov\u00eb dhe anasjelltas: Zvic\u00ebrr, Gjermani, Holand, Belgjik, \u00c7eki, Sllovaki, Turqi\u2026<\/em><\/li>\n<li><em>Sh\u00ebrbime t\u00eb konsulenc\u00ebs n\u00eb fush\u00ebn e transportit dhe logjistik\u00ebs.<\/em><\/li>\n<li><em>Transporti kryesisht realizohet p\u00ebrmes kamion\u00ebve m\u00eb modern (MEGGA - TAUTLINER).<\/em><\/li>\n<\/ul>\n\n\t\t<\/div>\n\t<\/div>\n<\/div><\/div><\/div><div class=\"wpb_animate_when_almost_visible wpb_fadeIn fadeIn wpb_column vc_column_container vc_col-sm-6\"><div class=\"vc_column-inner\"><div class=\"wpb_wrapper\">\n\t<div  class=\"wpb_single_image wpb_content_element vc_align_left\">\n\t\t\n\t\t<figure class=\"wpb_wrapper vc_figure\">\n\t\t\t<div class=\"vc_single_image-wrapper   vc_box_border_grey\"><img width=\"700\" height=\"377\" src=\"https:\/\/ilirija-transport.com\/wp-content\/uploads\/2021\/01\/tranposrt.jpg\" class=\"vc_single_image-img attachment-full\" alt=\"\" decoding=\"async\" loading=\"lazy\" srcset=\"https:\/\/ilirija-transport.com\/wp-content\/uploads\/2021\/01\/tranposrt.jpg 700w, https:\/\/ilirija-transport.com\/wp-content\/uploads\/2021\/01\/tranposrt-300x162.jpg 300w, https:\/\/ilirija-transport.com\/wp-content\/uploads\/2021\/01\/tranposrt-370x199.jpg 370w, https:\/\/ilirija-transport.com\/wp-content\/uploads\/2021\/01\/tranposrt-360x194.jpg 360w, https:\/\/ilirija-transport.com\/wp-content\/uploads\/2021\/01\/tranposrt-600x323.jpg 600w\" sizes=\"(max-width: 700px) 100vw, 700px\" \/><\/div>\n\t\t<\/figure>\n\t<\/div>\n<h5 class='heading-content ilirijafont style-1'  style='color: #365a8b'><span>TRANSPORTET <\/span><\/h5>\n\t<div class=\"wpb_text_column wpb_content_element\" >\n\t\t<div class=\"wpb_wrapper\">\n\t\t\t<p><em>Investojm\u00eb gjithnj\u00eb n\u00eb kamion m\u00eb modern, q\u00eb t\u2019u mund\u00ebsojm\u00eb klient\u00ebve ton\u00eb sh\u00ebrbime m\u00eb t\u00eb sigurta dhe t\u00eb jemi n\u00eb koh\u00eb n\u00eb realizimin e sherbimeve transportuese.<\/em> <em>P\u00ebrvoja jon\u00eb shum\u00ebvjecare ka b\u00ebr\u00eb q\u00eb besimi n\u00eb ne dhe n\u00eb bashk\u00ebpuntor\u00ebt ton\u00eb t\u00eb jet\u00eb gjithmon\u00eb n\u00eb rritje.<\/em> <em>Kompania Transportuese \u201cILIRIJA\u201d ka nj\u00eb kordinim t\u00eb mir\u00ebfillt\u00eb me t\u00eb gjitha pikat m\u00eb kryesore t\u00eb shpedicioneve n\u00ebp\u00ebr Evrop\u00eb. Rutimi (routing) i t\u00eb gjitha relacioneve q\u00eb i kemi n\u00eb dispozicion sjell deri n\u00eb efikasitetin dhe shpejtesine e realizimit te transportit.<\/em><\/p>\n\n\t\t<\/div>\n\t<\/div>\n<div class=\"vc_empty_space\"   style=\"height: 20px\"><span class=\"vc_empty_space_inner\"><\/span><\/div>\n\t<div  class=\"wpb_single_image wpb_content_element vc_align_left\">\n\t\t\n\t\t<figure class=\"wpb_wrapper vc_figure\">\n\t\t\t<div class=\"vc_single_image-wrapper   vc_box_border_grey\"><img width=\"700\" height=\"377\" src=\"https:\/\/ilirija-transport.com\/wp-content\/uploads\/2021\/01\/goal.jpg\" class=\"vc_single_image-img attachment-full\" alt=\"\" decoding=\"async\" loading=\"lazy\" srcset=\"https:\/\/ilirija-transport.com\/wp-content\/uploads\/2021\/01\/goal.jpg 700w, https:\/\/ilirija-transport.com\/wp-content\/uploads\/2021\/01\/goal-300x162.jpg 300w, https:\/\/ilirija-transport.com\/wp-content\/uploads\/2021\/01\/goal-370x199.jpg 370w, https:\/\/ilirija-transport.com\/wp-content\/uploads\/2021\/01\/goal-360x194.jpg 360w, https:\/\/ilirija-transport.com\/wp-content\/uploads\/2021\/01\/goal-600x323.jpg 600w\" sizes=\"(max-width: 700px) 100vw, 700px\" \/><\/div>\n\t\t<\/figure>\n\t<\/div>\n<h5 class='heading-content ilirijafont style-1'  style='color: #365a8b'><span>Q\u00cbLLIMI YN\u00cb<\/span><\/h5>\n\t<div class=\"wpb_text_column wpb_content_element\" >\n\t\t<div class=\"wpb_wrapper\">\n\t\t\t<p><em>Q\u00ebllimi yn\u00eb \u00ebsht\u00eb q\u00eb t\u00eb realizojm\u00eb d\u00ebrges\u00ebn tuaj n\u00eb m\u00ebnyr\u00eb efikase prej pik\u00ebs s\u00eb origjin\u00ebs deri te pika e destinacionit n\u00eb m\u00ebnyr\u00eb t\u00eb shpejt\u00eb, t\u00eb sigurt\u00eb dhe t\u00eb thjesht\u00eb.<\/em><\/p>\n<p><em>KOMPANIA TRANSPORTUESE ILIRIJA, ARRIN SOT Q\u00cb N\u00cb DIT\u00cb T\u00cb REALIZON 15.000 KM UDH\u00cbTIM P\u00cbR Q\u00cbLLIME T\u00cb KLIENT\u00cbVE TAN\u00cb. KY RRUG\u00cbTIM P\u00cbR NJ\u00cb KOH\u00cb T\u00cb SHKURT\u00cbR KUPTOHET SE MUNDESOHET VET\u00cbM ME INVESTIMIN N\u00cb TEKNOLOGJIT\u00cb M\u00cb BASHK\u00cbKOHORE P\u00cbR ROUTIM;<\/em><\/p>\n<p><em>Avantazhi kryesor i kompanis\u00eb son\u00eb \u00ebsht\u00eb personeli i konsoliduar, i organizuar dhe shum\u00eb i aft\u00eb q\u00eb punon me qasjen individuale p\u00ebr secilin klient.. Targeti yn\u00eb \u00ebsht\u00eb lista e shteteve te Evrop\u00ebs dhe Ballkanit.<\/em> <em>Gjat\u00eb operacioneve t\u00eb transportit dhe logjistik\u00ebs ne ofrojm\u00eb: kujdes, njohuri dhe standarde t\u00eb kualitetit t\u00eb k\u00ebrkuar.<\/em><\/p>\n\n\t\t<\/div>\n\t<\/div>\n<\/div><\/div><\/div><\/div><div class=\"vc_row wpb_row vc_row-fluid\"><div class=\"wpb_animate_when_almost_visible wpb_fadeIn fadeIn wpb_column vc_column_container vc_col-sm-12\"><div class=\"vc_column-inner\"><div class=\"wpb_wrapper\"><div class=\"vc_empty_space\"   style=\"height: 32px\"><span class=\"vc_empty_space_inner\"><\/span><\/div>\n\t<div class=\"wpb_text_column wpb_content_element\" >\n\t\t<div class=\"wpb_wrapper\">\n\t\t\t<p style=\"text-align: center; font-size: 24px;\"><strong style=\"color: #365a8b;\">AVENTAZHET TUAJA<\/strong><\/p>\n<p style=\"text-align: center;\">Ngarkesa ditore nga vendet e rajonit dhe Evrop\u00ebs p\u00ebr t'u dh\u00ebn\u00eb juve maksimumin e fleksibilitetit.<\/p>\n<p style=\"text-align: center;\">Gam\u00eb t\u00eb gjer\u00eb zgjidhjesh p\u00ebr ngarkesat tuaja t\u00eb vogla p\u00ebr t\u00eb p\u00ebrmbushur nevojat e biznesit tuaj.<\/p>\n<p style=\"text-align: center;\">Ngarkesat parciale, kan\u00eb nj\u00eb koh\u00eb tranzitore vet\u00ebm 5-7 dit\u00eb nga vendi i origjin\u00ebs deri te vendi i destinacionit.<\/p>\n<p style=\"text-align: center;\">D\u00ebrgesat e plota n\u00eb rrug\u00eb tok\u00ebsore kan\u00eb koh\u00eb tranzitore nga vendi i ngarkimit deri te vendi i destinacionit final 3-4 dit\u00eb.<\/p>\n<p style=\"text-align: center;\">Kordinim t\u00eb mir\u00ebfillt\u00eb me t\u00eb gjitha pikat m\u00eb kryesore t\u00eb shpedicioneve n\u00ebp\u00ebr Evrop\u00eb.<\/p>\n\n\t\t<\/div>\n\t<\/div>\n<\/div><\/div><\/div><\/div>","protected":false},"excerpt":{"rendered":"Transportation Company ILIRIJA, deals entirely with the organization and management of transport services and logistics services. COMPANY HISTORY The transport activity dates back to the '90s and now is part of the family business run by the Transportation Company \"ILIRIJA\"....","protected":false},"author":3,"featured_media":0,"parent":0,"menu_order":0,"comment_status":"open","ping_status":"open","template":"","meta":[],"_links":{"self":[{"href":"https:\/\/ilirija-transport.com\/sq\/wp-json\/wp\/v2\/pages\/1101"}],"collection":[{"href":"https:\/\/ilirija-transport.com\/sq\/wp-json\/wp\/v2\/pages"}],"about":[{"href":"https:\/\/ilirija-transport.com\/sq\/wp-json\/wp\/v2\/types\/page"}],"author":[{"embeddable":true,"href":"https:\/\/ilirija-transport.com\/sq\/wp-json\/wp\/v2\/users\/3"}],"replies":[{"embeddable":true,"href":"https:\/\/ilirija-transport.com\/sq\/wp-json\/wp\/v2\/comments?post=1101"}],"version-history":[{"count":27,"href":"https:\/\/ilirija-transport.com\/sq\/wp-json\/wp\/v2\/pages\/1101\/revisions"}],"predecessor-version":[{"id":1449,"href":"https:\/\/ilirija-transport.com\/sq\/wp-json\/wp\/v2\/pages\/1101\/revisions\/1449"}],"wp:attachment":[{"href":"https:\/\/ilirija-transport.com\/sq\/wp-json\/wp\/v2\/media?parent=1101"}],"curies":[{"name":"wp","href":"https:\/\/api.w.org\/{rel}","templated":true}]}}