{"id":1103,"date":"2014-11-11T11:14:30","date_gmt":"2014-11-11T11:14:30","guid":{"rendered":"http:\/\/anpsthemes.com\/constructo\/?page_id=15"},"modified":"2021-01-30T17:28:16","modified_gmt":"2021-01-30T17:28:16","slug":"contact-us","status":"publish","type":"page","link":"https:\/\/ilirija-transport.com\/sq\/contact-us\/","title":{"rendered":"Na kontaktoni"},"content":{"rendered":"<div data-vc-full-width=\"true\" data-vc-full-width-init=\"false\" data-vc-stretch-content=\"true\" class=\"vc_row wpb_row vc_row-fluid vc_custom_1460119130107 vc_row-no-padding\"><div class=\"wpb_column vc_column_container vc_col-sm-12\"><div class=\"vc_column-inner\"><div class=\"wpb_wrapper\">\n\t<div class=\"wpb_raw_code wpb_content_element wpb_raw_html\" >\n\t\t<div class=\"wpb_wrapper\">\n\t\t\t<iframe src=\"https:\/\/www.google.com\/maps\/embed?pb=!1m18!1m12!1m3!1d2950.958282157606!2d21.675936915454383!3d42.30075557919083!2m3!1f0!2f0!3f0!3m2!1i1024!2i768!4f13.1!3m3!1m2!1s0x135457e2b56d1f75%3A0xd9eb209417453c0a!2sILIRIJA%20-%20Transport%20Company!5e0!3m2!1sen!2srs!4v1610730863183!5m2!1sen!2srs\" width=\"2000\" height=\"450\" frameborder=\"0\" style=\"border:0;\" allowfullscreen=\"\" aria-hidden=\"false\" tabindex=\"0\"><\/iframe>\n\t\t<\/div>\n\t<\/div>\n<\/div><\/div><\/div><\/div><div class=\"vc_row-full-width vc_clearfix\"><\/div><div class=\"vc_row wpb_row vc_row-fluid\"><div class=\"wpb_column vc_column_container vc_col-sm-4\"><div class=\"vc_column-inner\"><div class=\"wpb_wrapper\"><h4 class='heading-content  style-1' ><span>NA KONTAKTONI<\/span><\/h4><div class=\"vc_empty_space\"   style=\"height: 15px\"><span class=\"vc_empty_space_inner\"><\/span><\/div>\n\t<div class=\"wpb_text_column wpb_content_element\" >\n\t\t<div class=\"wpb_wrapper\">\n\t\t\t<p><strong>Ilirija Transport\u00a0<\/strong><\/p>\n<p><em>\u201cILIRIJA\u201d SH.P.K <\/em><em>Geraj p.n. <\/em><em>RS-17523 Presehv\u00eb,<\/em><em>Serbi<\/em><\/p>\n<p>Numri i telefonit\u00a0+381 (0)62 769 991<br \/>\nNumri i telefonit+381 (0)62 769 992<br \/>\nNumri i telefonit\u00a0+381 (0)62 769 997<\/p>\n<p>E-mail: <a href=\"mailto:info@ilirija-transport.com\">info@ilirija-transport.com<br \/>\n<\/a>Website: <a href=\"\/sq\/www.ilirija-transport.com\/\"> www.ilirija-transport.com<\/a><\/p>\n\n\t\t<\/div>\n\t<\/div>\n<\/div><\/div><\/div><div class=\"wpb_column vc_column_container vc_col-sm-4\"><div class=\"vc_column-inner\"><div class=\"wpb_wrapper\"><h4 class='heading-content  style-1' ><span>KONTAKTI I DYT<\/span><\/h4><div class=\"vc_empty_space\"   style=\"height: 15px\"><span class=\"vc_empty_space_inner\"><\/span><\/div>\n\t<div class=\"wpb_text_column wpb_content_element\" >\n\t\t<div class=\"wpb_wrapper\">\n\t\t\t<p><strong>Kontaktet e Tjera<\/strong><\/p>\n<p>\u201cILIRIJA\u201d Sh.p.k, Geraj p.n, RS-17523 Preshev\u00eb ,Serbia<\/p>\n<p>Tel\/Fax: +381 (0)17 664 230<br \/>\nMobile phone: +383 (0)49 525 231- KS<\/p>\n<p>Lidhur me kontaktin e faqes n\u00eb internet<br \/>\nE-mail: <a href=\"mailto:website@ilirija-transport.com\">office@ilirija-transport.com<br \/>\n<\/a>Website: <a href=\"https:\/\/ilirija-transport.com\/sq\/\">www.ilirija-transport.com<\/a><\/p>\n\n\t\t<\/div>\n\t<\/div>\n<\/div><\/div><\/div><div class=\"wpb_column vc_column_container vc_col-sm-4\"><div class=\"vc_column-inner\"><div class=\"wpb_wrapper\">\n\t<div class=\"wpb_text_column wpb_content_element\" >\n\t\t<div class=\"wpb_wrapper\">\n\t\t\t<p>Mos ngurroni t\u00eb flisni me p\u00ebrfaq\u00ebsuesin ton\u00eb n\u00eb \u00e7do koh\u00eb. Ju lutemi p\u00ebrdorni formularin ton\u00eb t\u00eb kontaktit n\u00eb faqen ton\u00eb t\u00eb internetit ose nj\u00eb nga numrat tan\u00eb t\u00eb kontaktit. Le ta nd\u00ebrtojm\u00eb s\u00eb bashku t\u00eb ardhmen tuaj.<\/p>\n<p>Ju gjithmon\u00eb mund t\u00eb na vizitoni n\u00eb vendndodhjen ton\u00eb, ne kemi nj\u00eb staf miq\u00ebsor dhe sigurisht q\u00eb do t\u00eb ofrojm\u00eb nj\u00eb filxhan kafe.<\/p>\n<p>Mos hezitoni t\u00eb na kontaktoni p\u00ebr ndonj\u00eb arsye n\u00eb lidhje me transportin!<\/p>\n\n\t\t<\/div>\n\t<\/div>\n<div class=\"vc_empty_space\"   style=\"height: 25px\"><span class=\"vc_empty_space_inner\"><\/span><\/div><\/div><\/div><\/div><\/div><div class=\"vc_row wpb_row vc_row-fluid vc_custom_1468502624225\"><div class=\"wpb_column vc_column_container vc_col-sm-12\"><div class=\"vc_column-inner\"><div class=\"wpb_wrapper\"><h5 class='heading-content  style-1' ><span>NA D\u00cbRGONI MESAZH<\/span><\/h5><div class=\"vc_empty_space\"   style=\"height: 15px\"><span class=\"vc_empty_space_inner\"><\/span><\/div><div class=\"wpcf7 no-js\" id=\"wpcf7-f452-o1\" lang=\"en-US\" dir=\"ltr\">\n<div class=\"screen-reader-response\"><p role=\"status\" aria-live=\"polite\" aria-atomic=\"true\"><\/p> <ul><\/ul><\/div>\n<form action=\"\/sq\/wp-json\/wp\/v2\/pages\/1103#wpcf7-f452-o1\" method=\"post\" class=\"wpcf7-form init\" aria-label=\"Contact form\" novalidate=\"novalidate\" data-status=\"init\" data-trp-original-action=\"\/sq\/wp-json\/wp\/v2\/pages\/1103#wpcf7-f452-o1\">\n<div style=\"display: none;\">\n<input type=\"hidden\" name=\"_wpcf7\" value=\"452\" \/>\n<input type=\"hidden\" name=\"_wpcf7_version\" value=\"5.7.2\" \/>\n<input type=\"hidden\" name=\"_wpcf7_locale\" value=\"en_US\" \/>\n<input type=\"hidden\" name=\"_wpcf7_unit_tag\" value=\"wpcf7-f452-o1\" \/>\n<input type=\"hidden\" name=\"_wpcf7_container_post\" value=\"0\" \/>\n<input type=\"hidden\" name=\"_wpcf7_posted_data_hash\" value=\"\" \/>\n<\/div>\n<div class=\"col-sm-5 noleftpadding\">\n\t<p><span class=\"wpcf7-form-control-wrap\" data-name=\"your-name\"><input size=\"40\" class=\"wpcf7-form-control wpcf7-text wpcf7-validates-as-required\" aria-required=\"true\" aria-invalid=\"false\" placeholder=\"Emri*\" value=\"\" type=\"text\" name=\"your-name\" \/><\/span>\n\t<\/p>\n\t<p><span class=\"wpcf7-form-control-wrap\" data-name=\"your-subject\"><input size=\"40\" class=\"wpcf7-form-control wpcf7-text\" aria-invalid=\"false\" placeholder=\"Predmet*\" value=\"\" type=\"text\" name=\"your-subject\" \/><\/span>\n\t<\/p>\n\t<p><span class=\"wpcf7-form-control-wrap\" data-name=\"your-email\"><input size=\"40\" class=\"wpcf7-form-control wpcf7-text wpcf7-email wpcf7-validates-as-required wpcf7-validates-as-email\" aria-required=\"true\" aria-invalid=\"false\" placeholder=\"Email*\" value=\"\" type=\"email\" name=\"your-email\" \/><\/span>\n\t<\/p>\n<\/div>\n<div class=\"col-sm-7 norightpadding\">\n\t<p><span class=\"wpcf7-form-control-wrap\" data-name=\"your-message\"><textarea cols=\"25\" rows=\"3\" class=\"wpcf7-form-control wpcf7-textarea\" aria-invalid=\"false\" placeholder=\"Mesazhi*\" name=\"your-message\"><\/textarea><\/span>\n\t<\/p>\n\t<p><input class=\"wpcf7-form-control has-spinner wpcf7-submit\" type=\"submit\" value=\"D\u00cbRGONI MESAZHIN\" \/>\n\t<\/p>\n<\/div><p style=\"display: none !important;\"><label>&#916;<textarea name=\"_wpcf7_ak_hp_textarea\" cols=\"45\" rows=\"8\" maxlength=\"100\"><\/textarea><\/label><input type=\"hidden\" id=\"ak_js_1\" name=\"_wpcf7_ak_js\" value=\"130\"\/><script>document.getElementById( \"ak_js_1\" ).setAttribute( \"value\", ( new Date() ).getTime() );<\/script><\/p><div class=\"wpcf7-response-output\" aria-hidden=\"true\"><\/div><input type=\"hidden\" name=\"trp-form-language\" value=\"sq\"\/><\/form><\/div><\/div><\/div><\/div><\/div>","protected":false},"excerpt":{"rendered":"CONTACT US Ilirija Transport\u00a0 \"ILIRIJA\" LTD, Ali\u0111erce\u00a0 BB, RS-17523 Presevo,Serbia Mobile phone:\u00a0+381 (0)62 769 991 Mobile phone:\u00a0+381 (0)62 769 992 Mobile phone:\u00a0+381 (0)62 769 997 E-mail: info@ilirija-transport.com Website: www.ilirija-transport.com SECONDARY CONTACT Other Contacts \"ILIRIJA\" LTD, Ali\u0111erce\u00a0 BB, RS-17523 Presevo,Serbia Tel\/Fax:...","protected":false},"author":3,"featured_media":0,"parent":0,"menu_order":0,"comment_status":"open","ping_status":"open","template":"","meta":[],"_links":{"self":[{"href":"https:\/\/ilirija-transport.com\/sq\/wp-json\/wp\/v2\/pages\/1103"}],"collection":[{"href":"https:\/\/ilirija-transport.com\/sq\/wp-json\/wp\/v2\/pages"}],"about":[{"href":"https:\/\/ilirija-transport.com\/sq\/wp-json\/wp\/v2\/types\/page"}],"author":[{"embeddable":true,"href":"https:\/\/ilirija-transport.com\/sq\/wp-json\/wp\/v2\/users\/3"}],"replies":[{"embeddable":true,"href":"https:\/\/ilirija-transport.com\/sq\/wp-json\/wp\/v2\/comments?post=1103"}],"version-history":[{"count":12,"href":"https:\/\/ilirija-transport.com\/sq\/wp-json\/wp\/v2\/pages\/1103\/revisions"}],"predecessor-version":[{"id":1476,"href":"https:\/\/ilirija-transport.com\/sq\/wp-json\/wp\/v2\/pages\/1103\/revisions\/1476"}],"wp:attachment":[{"href":"https:\/\/ilirija-transport.com\/sq\/wp-json\/wp\/v2\/media?parent=1103"}],"curies":[{"name":"wp","href":"https:\/\/api.w.org\/{rel}","templated":true}]}}